{"id":370,"date":"2025-01-28T17:08:04","date_gmt":"2025-01-28T13:38:04","guid":{"rendered":"https:\/\/gapspike.com\/?page_id=370"},"modified":"2025-07-21T20:07:22","modified_gmt":"2025-07-21T16:37:22","slug":"pricing","status":"publish","type":"page","link":"https:\/\/gapspike.com\/es\/pricing\/","title":{"rendered":"Pricing"},"content":{"rendered":"\n<p style=\"padding-top:var(--wp--preset--spacing--40);padding-bottom:var(--wp--preset--spacing--40)\"><\/p>\n\n\n\n<div class=\"wp-block-columns is-layout-flex wp-container-core-columns-is-layout-28f84493 wp-block-columns-is-layout-flex\" style=\"line-height:1.4\">\n<div class=\"wp-block-column is-layout-constrained wp-container-core-column-is-layout-847c820d wp-block-column-is-layout-constrained\" style=\"border-width:2px;border-radius:25px;padding-top:0;padding-right:var(--wp--preset--spacing--20);padding-bottom:0;padding-left:var(--wp--preset--spacing--20)\">\n<h2 class=\"wp-block-heading has-text-align-center\" id=\"h-essential\" style=\"margin-right:0;margin-left:0;font-size:40px\">Essential<\/h2>\n\n\n\n<p class=\"has-text-align-center\">Hasta un 27% de descuento<\/p>\n\n\n\n<div class=\"wp-block-buttons is-content-justification-center is-layout-flex wp-container-core-buttons-is-layout-a89b3969 wp-block-buttons-is-layout-flex\">\n<div class=\"wp-block-button\"><a class=\"wp-block-button__link wp-element-button\" href=\"https:\/\/gapspike.com\/es\/product\/tradingview-essential-subscription\/\">Obtener plan<\/a><\/div>\n<\/div>\n\n\n\n<hr class=\"wp-block-separator has-alpha-channel-opacity is-style-wide\"\/>\n\n\n\n<ul class=\"wp-block-list\">\n<li>1 Mes \u2013 16$\u00a0<s><sub>16.95<\/sub><\/s><\/li>\n\n\n\n<li>2 Mes \u2013 25$\u00a0<s><sub>33.95<\/sub><\/s><\/li>\n\n\n\n<li><s>3\u00a0<\/s>Mes\u00a0<s>\u2013<\/s><\/li>\n\n\n\n<li><s>6-<\/s>Mes\u00a0<s>\u2013<\/s><\/li>\n\n\n\n<li>12 Mes \u2013 165$ +1 Mes Gratis<\/li>\n<\/ul>\n<\/div>\n\n\n\n<div class=\"wp-block-column is-layout-constrained wp-container-core-column-is-layout-847c820d wp-block-column-is-layout-constrained\" style=\"border-width:2px;border-radius:25px;padding-top:0;padding-right:var(--wp--preset--spacing--20);padding-bottom:0;padding-left:var(--wp--preset--spacing--20)\">\n<h2 class=\"wp-block-heading has-text-align-center\" id=\"h-plus\" style=\"margin-right:0;margin-left:0;font-size:40px\">Plus<\/h2>\n\n\n\n<p class=\"has-text-align-center\">Hasta un 27% de descuento<\/p>\n\n\n\n<div class=\"wp-block-buttons is-content-justification-center is-layout-flex wp-container-core-buttons-is-layout-a89b3969 wp-block-buttons-is-layout-flex\">\n<div class=\"wp-block-button\"><a class=\"wp-block-button__link wp-element-button\" href=\"https:\/\/gapspike.com\/es\/product\/tradingview-plus-subscription\/\">Obtener plan<\/a><\/div>\n<\/div>\n\n\n\n<hr class=\"wp-block-separator has-alpha-channel-opacity is-style-wide\"\/>\n\n\n\n<ul class=\"wp-block-list\">\n<li>1 Mes \u2013 33$\u00a0<s><sub>33.95<\/sub><\/s><\/li>\n\n\n\n<li>2 Mes \u2013 44$\u00a0<s><sub>67.9<\/sub><\/s><\/li>\n\n\n\n<li><s>3\u00a0<\/s>Mes\u00a0<s>\u2013<\/s><\/li>\n\n\n\n<li>6-Mes \u2013 165$\u00a0<s><sub>179.7<\/sub><\/s><\/li>\n\n\n\n<li>12 Mes- 289$\u00a0<s><sub>339.4<\/sub><\/s>+1 Mes Gratis<\/li>\n<\/ul>\n<\/div>\n\n\n\n<div class=\"wp-block-column has-border-color has-ast-global-color-8-border-color has-ast-global-color-1-background-color has-background is-layout-constrained wp-container-core-column-is-layout-847c820d wp-block-column-is-layout-constrained\" style=\"border-width:2px;border-radius:25px;padding-top:0;padding-right:var(--wp--preset--spacing--20);padding-bottom:0;padding-left:var(--wp--preset--spacing--20)\">\n<h2 class=\"wp-block-heading has-text-align-center has-ast-global-color-5-color has-text-color has-link-color wp-elements-1e6968397f53d3e995c8bb70bb1cee94\" id=\"h-premium\" style=\"margin-right:0;margin-left:0;font-size:40px\">Premium<\/h2>\n\n\n\n<p class=\"has-text-align-center has-ast-global-color-5-color has-text-color has-link-color wp-elements-c3e56ad49902779bab34829abf414a77\">Hasta un 67% de descuento<\/p>\n\n\n\n<div class=\"wp-block-buttons is-content-justification-center is-layout-flex wp-container-core-buttons-is-layout-a89b3969 wp-block-buttons-is-layout-flex\">\n<div class=\"wp-block-button\"><a class=\"wp-block-button__link has-ast-global-color-1-color has-ast-global-color-5-background-color has-text-color has-background has-link-color has-border-color wp-element-button\" href=\"https:\/\/gapspike.com\/es\/product\/tradingview-premium-subscription\/\" style=\"border-color:var(--ast-global-color-1);border-width:1px\">Obtener plan<\/a><\/div>\n<\/div>\n\n\n\n<hr class=\"wp-block-separator has-text-color has-ast-global-color-4-color has-alpha-channel-opacity has-ast-global-color-4-background-color has-background is-style-wide\"\/>\n\n\n\n<ul class=\"wp-block-list\">\n<li class=\"has-ast-global-color-4-color has-text-color has-link-color wp-elements-b7df6352f2238cb9055815087cf55c9f\">1 Mes \u2013 24$\u00a0<sub><s>67.95<\/s><\/sub><\/li>\n\n\n\n<li class=\"has-ast-global-color-4-color has-text-color has-link-color wp-elements-21f31b5ad0fa96ae36be71c92aa51240\">2 Mes \u2013 76$\u00a0<s><sub>139.9<\/sub><\/s><\/li>\n\n\n\n<li class=\"has-ast-global-color-4-color has-text-color has-link-color wp-elements-a1e8ba32d5aab1c74bd1cdaf56b43abd\">3 Mes \u2013 165$\u00a0<sub><s>203.85<\/s><\/sub><\/li>\n\n\n\n<li class=\"has-ast-global-color-4-color has-text-color has-link-color wp-elements-927b69bb025e0ded1719120b4b63a772\">6-Mes- 289$\u00a0<s><sub>339.4<\/sub><\/s><\/li>\n\n\n\n<li class=\"has-ast-global-color-4-color has-text-color has-link-color wp-elements-d5988428543c3853a51af80e609aba2c\">12 Mes- 429$\u00a0<s><sub>677.8<\/sub><\/s>+1 Mes Gratis<\/li>\n<\/ul>\n<\/div>\n<\/div>\n\n\n\n<div class=\"wp-block-buttons is-content-justification-center is-layout-flex wp-container-core-buttons-is-layout-18fd6642 wp-block-buttons-is-layout-flex\" style=\"padding-top:var(--wp--preset--spacing--70);padding-bottom:var(--wp--preset--spacing--70)\">\n<div class=\"wp-block-button is-style-outline is-style-outline--1\"><a class=\"wp-block-button__link has-ast-global-color-1-color has-ast-global-color-4-background-color has-text-color has-background has-link-color has-border-color has-ast-global-color-1-border-color has-text-align-center wp-element-button\" href=\"#Comparison\" style=\"border-width:1px;padding-top:var(--wp--preset--spacing--30);padding-right:var(--wp--preset--spacing--50);padding-bottom:var(--wp--preset--spacing--30);padding-left:var(--wp--preset--spacing--50)\">Comparar planes \u2193<\/a><\/div>\n<\/div>\n\n\n\n<div class=\"wp-block-cover alignfull is-light\" style=\"min-height:180px;aspect-ratio:unset;\"><span aria-hidden=\"true\" class=\"wp-block-cover__background has-background-dim-100 has-background-dim\" style=\"background-color:#f7f7f8\"><\/span><div class=\"wp-block-cover__inner-container is-layout-constrained wp-block-cover-is-layout-constrained\">\n<h3 class=\"wp-block-heading has-text-align-center has-x-large-font-size\" id=\"Comparison\"><strong>Principales caracter\u00edsticas de los planes de TradingView<\/strong><\/h3>\n<\/div><\/div>\n\n\n\n<div class=\"wp-block-columns is-layout-flex wp-container-core-columns-is-layout-28f84493 wp-block-columns-is-layout-flex\">\n<div class=\"wp-block-column has-ast-global-color-7-background-color has-background is-layout-flow wp-block-column-is-layout-flow\" style=\"border-radius:25px;padding-top:var(--wp--preset--spacing--20);padding-right:var(--wp--preset--spacing--20);padding-bottom:var(--wp--preset--spacing--20);padding-left:var(--wp--preset--spacing--20)\">\n<h3 class=\"wp-block-heading has-text-align-center has-border-color has-ast-global-color-1-color has-ast-global-color-5-background-color has-text-color has-background has-link-color wp-elements-8d5ed6a21aebd66e3beb80f8d637424f\" id=\"h-essential-0\" style=\"border-color:var(--ast-global-color-5);border-width:2px;border-top-left-radius:25px;border-top-right-radius:25px\">Essential<\/h3>\n\n\n\n<p>\u2713 2 Gr\u00e1ficos por pesta\u00f1a<br>\u2713 5 Indicadores por gr\u00e1fico<br>\u2713 10K Barras hist\u00f3ricas<br>\u2713 10 Conexiones de gr\u00e1ficos paralelos<br>\u2713 20 Alertas de precio<br>\u2713 20 Alertas t\u00e9cnicas<br>\u00d7 0 Alertas de lista de seguimiento<br>\u2713 Sin anuncios<br>\u2713 Perfil de volumen<br>\u2713 Marcos de tiempo personalizados<br>\u2713 Barras de rango personalizadas<br>\u2713 M\u00faltiples listas de seguimiento<br>\u2713 Repetici\u00f3n de barras<br>\u2713 Indicadores sobre indicadores<br>\u00d7 Exportaci\u00f3n de datos del gr\u00e1fico<br>\u00d7 Gr\u00e1ficos intrad\u00eda de Renko, Kagi, Line Break, Point &amp; Figure<br>\u00d7 Gr\u00e1ficos basados en f\u00f3rmulas personalizadas<br>\u00d7 Oportunidad de precio-tiempo<br>\u00d7 Huellas de volumen<br>\u00d7 Alertas basadas en segundos<br>\u00d7 Alertas que no caducan<br>\u00d7 Publicaci\u00f3n de scripts solo por invitaci\u00f3n<br>\u00d7 Intervalos basados en segundos<br>\u00d7 Intervalos basados en ticks (BETA)<br>\u00d7 Posibilidad de comprar datos de mercado profesionales<br>\u00d7 Soporte de m\u00e1xima prioridad<\/p>\n\n\n\n<div class=\"wp-block-buttons is-content-justification-center is-layout-flex wp-container-core-buttons-is-layout-a89b3969 wp-block-buttons-is-layout-flex\">\n<div class=\"wp-block-button\"><a class=\"wp-block-button__link wp-element-button\" href=\"https:\/\/gapspike.com\/es\/product\/tradingview-essential-subscription\/\">Comprar ahora<\/a><\/div>\n<\/div>\n<\/div>\n\n\n\n<div class=\"wp-block-column has-ast-global-color-7-background-color has-background is-layout-flow wp-block-column-is-layout-flow\" style=\"border-radius:25px;padding-top:var(--wp--preset--spacing--20);padding-right:var(--wp--preset--spacing--20);padding-bottom:var(--wp--preset--spacing--20);padding-left:var(--wp--preset--spacing--20)\">\n<h3 class=\"wp-block-heading has-text-align-center has-border-color has-ast-global-color-1-color has-ast-global-color-5-background-color has-text-color has-background has-link-color wp-elements-183365d9003e3eca31626cb73f70104d\" id=\"h-plus-0\" style=\"border-color:var(--ast-global-color-5);border-width:2px;border-top-left-radius:25px;border-top-right-radius:25px\">Plus<\/h3>\n\n\n\n<p>\u2713 4 Gr\u00e1ficos por pesta\u00f1a<br>\u2713 10 Indicadores por gr\u00e1fico<br>\u2713 10K Barras hist\u00f3ricas<br>\u2713 20 Conexiones de gr\u00e1ficos paralelos<br>\u2713 100 Alertas de precio<br>\u2713 100 Alertas t\u00e9cnicas<br>\u00d7 0 Alertas de lista de seguimiento<br>\u2713 Sin anuncios<br>\u2713 Perfil de volumen<br>\u2713 Marcos de tiempo personalizados<br>\u2713 Barras de rango personalizadas<br>\u2713 M\u00faltiples listas de seguimiento<br>\u2713 Repetici\u00f3n de barras<br>\u2713 Indicadores sobre indicadores<br>\u2713 Exportaci\u00f3n de datos del gr\u00e1fico<br>\u2713 Gr\u00e1ficos intrad\u00eda de Renko, Kagi, Line Break, Point &amp; Figure<br>\u2713 Gr\u00e1ficos basados en f\u00f3rmulas personalizadas<br>\u00d7 Oportunidad de precio-tiempo<br>\u00d7 Huellas de volumen<br>\u00d7 Alertas basadas en segundos<br>\u00d7 Alertas que no caducan<br>\u00d7 Publicaci\u00f3n de scripts solo por invitaci\u00f3n<br>\u00d7 Intervalos basados en segundos<br>\u00d7 Intervalos basados en ticks (BETA)<br>\u00d7 Posibilidad de comprar datos de mercado profesionales<br>\u00d7 Soporte de m\u00e1xima prioridad<\/p>\n\n\n\n<div class=\"wp-block-buttons is-content-justification-center is-layout-flex wp-container-core-buttons-is-layout-a89b3969 wp-block-buttons-is-layout-flex\">\n<div class=\"wp-block-button\"><a class=\"wp-block-button__link wp-element-button\" href=\"https:\/\/gapspike.com\/es\/product\/tradingview-plus-subscription\/\">Comprar ahora<\/a><\/div>\n<\/div>\n<\/div>\n\n\n\n<div class=\"wp-block-column has-ast-global-color-4-color has-ast-global-color-1-background-color has-text-color has-background has-link-color wp-elements-2474cbcd7d780b380f7ec4fdd1212805 is-layout-flow wp-block-column-is-layout-flow\" style=\"border-width:2px;border-radius:25px;padding-top:var(--wp--preset--spacing--20);padding-right:var(--wp--preset--spacing--20);padding-bottom:var(--wp--preset--spacing--20);padding-left:var(--wp--preset--spacing--20)\">\n<h3 class=\"wp-block-heading has-text-align-center has-border-color has-ast-global-color-2-color has-ast-global-color-5-background-color has-text-color has-background has-link-color wp-elements-e3b60ef6d0513a693d8cbc1822895754\" id=\"h-premium-0\" style=\"border-color:var(--ast-global-color-5);border-width:2px;border-top-left-radius:25px;border-top-right-radius:25px\">Premium<\/h3>\n\n\n\n<p>\u2713 8 Gr\u00e1ficos por pesta\u00f1a<br>\u2713 25 Indicadores por gr\u00e1fico<br>\u2713 20K Barras hist\u00f3ricas<br>\u2713 50 Conexiones de gr\u00e1ficos paralelos<br>\u2713 400 Alertas de precio<br>\u2713 400 Alertas t\u00e9cnicas<br>\u2713 5 Alertas de lista de seguimiento<br>\u2713 Sin anuncios<br>\u2713 Perfil de volumen<br>\u2713 Marcos de tiempo personalizados<br>\u2713 Barras de rango personalizadas<br>\u2713 M\u00faltiples listas de seguimiento<br>\u2713 Repetici\u00f3n de barras<br>\u2713 Indicadores sobre indicadores<br>\u2713 Exportaci\u00f3n de datos del gr\u00e1fico<br>\u2713 Gr\u00e1ficos intrad\u00eda de Renko, Kagi, Line Break, Point &amp; Figure<br>\u2713 Gr\u00e1ficos basados en f\u00f3rmulas personalizadas<br>\u2713 Oportunidad de precio-tiempo<br>\u2713 Huellas de volumen<br>\u2713 Alertas basadas en segundos<br>\u2713 Alertas que no caducan<br>\u2713 Publicaci\u00f3n de scripts solo por invitaci\u00f3n<br>\u2713 Intervalos basados en segundos<br>\u00d7 Intervalos basados en ticks (BETA)<br>\u00d7 Posibilidad de comprar datos de mercado profesionales<br>\u00d7 Soporte de m\u00e1xima prioridad<\/p>\n\n\n\n<div class=\"wp-block-buttons is-content-justification-center is-layout-flex wp-container-core-buttons-is-layout-a89b3969 wp-block-buttons-is-layout-flex\">\n<div class=\"wp-block-button\"><a class=\"wp-block-button__link has-ast-global-color-1-color has-ast-global-color-5-background-color has-text-color has-background has-link-color wp-element-button\" href=\"https:\/\/gapspike.com\/es\/product\/tradingview-premium-subscription\/\">Comprar ahora<\/a><\/div>\n<\/div>\n<\/div>\n<\/div>\n\n\n\n<h3 class=\"wp-block-heading has-text-align-center has-x-large-font-size\" id=\"Comparison\"><\/h3>\n\n\n\n<h3 class=\"wp-block-heading has-text-align-center has-large-font-size\" style=\"border-style:none;border-width:0px;border-radius:0px\">Comparaci\u00f3n completa de suscripciones de TradingView<\/h3>\n\n\n\n<div class=\"wp-block-buttons is-content-justification-center is-layout-flex wp-container-core-buttons-is-layout-a89b3969 wp-block-buttons-is-layout-flex\">\n<div class=\"wp-block-button\"><a class=\"wp-block-button__link wp-element-button\" href=\"https:\/\/www.tradingview.com\/pricing\/#compare\">Haz clic aqu\u00ed<\/a><\/div>\n<\/div>\n","protected":false},"excerpt":{"rendered":"<p>Essential Hasta un 27% de descuento Plus Hasta un 27% de descuento Premium Hasta un 67% de descuento Essential \u2713 [&hellip;]<\/p>\n","protected":false},"author":1,"featured_media":0,"parent":0,"menu_order":0,"comment_status":"closed","ping_status":"closed","template":"","meta":{"site-sidebar-layout":"default","site-content-layout":"","ast-site-content-layout":"","site-content-style":"default","site-sidebar-style":"default","ast-global-header-display":"","ast-banner-title-visibility":"","ast-main-header-display":"","ast-hfb-above-header-display":"","ast-hfb-below-header-display":"","ast-hfb-mobile-header-display":"","site-post-title":"disabled","ast-breadcrumbs-content":"","ast-featured-img":"","footer-sml-layout":"","theme-transparent-header-meta":"","adv-header-id-meta":"","stick-header-meta":"","header-above-stick-meta":"","header-main-stick-meta":"","header-below-stick-meta":"","astra-migrate-meta-layouts":"default","ast-page-background-enabled":"default","ast-page-background-meta":{"desktop":{"background-color":"var(--ast-global-color-5)","background-image":"","background-repeat":"repeat","background-position":"center center","background-size":"auto","background-attachment":"scroll","background-type":"","background-media":"","overlay-type":"","overlay-color":"","overlay-opacity":"","overlay-gradient":""},"tablet":{"background-color":"","background-image":"","background-repeat":"repeat","background-position":"center center","background-size":"auto","background-attachment":"scroll","background-type":"","background-media":"","overlay-type":"","overlay-color":"","overlay-opacity":"","overlay-gradient":""},"mobile":{"background-color":"","background-image":"","background-repeat":"repeat","background-position":"center center","background-size":"auto","background-attachment":"scroll","background-type":"","background-media":"","overlay-type":"","overlay-color":"","overlay-opacity":"","overlay-gradient":""}},"ast-content-background-meta":{"desktop":{"background-color":"var(--ast-global-color-4)","background-image":"","background-repeat":"repeat","background-position":"center center","background-size":"auto","background-attachment":"scroll","background-type":"","background-media":"","overlay-type":"","overlay-color":"","overlay-opacity":"","overlay-gradient":""},"tablet":{"background-color":"var(--ast-global-color-4)","background-image":"","background-repeat":"repeat","background-position":"center center","background-size":"auto","background-attachment":"scroll","background-type":"","background-media":"","overlay-type":"","overlay-color":"","overlay-opacity":"","overlay-gradient":""},"mobile":{"background-color":"var(--ast-global-color-4)","background-image":"","background-repeat":"repeat","background-position":"center center","background-size":"auto","background-attachment":"scroll","background-type":"","background-media":"","overlay-type":"","overlay-color":"","overlay-opacity":"","overlay-gradient":""}},"footnotes":""},"class_list":["post-370","page","type-page","status-publish","hentry"],"yoast_head":"<!-- This site is optimized with the Yoast SEO Premium plugin v26.0 (Yoast SEO v26.1) - https:\/\/yoast.com\/wordpress\/plugins\/seo\/ -->\n<title>Pricing - GapSpike | Accede a lo mejor, paga menos<\/title>\n<meta name=\"robots\" content=\"index, follow, max-snippet:-1, max-image-preview:large, max-video-preview:-1\" \/>\n<link rel=\"canonical\" href=\"https:\/\/gapspike.com\/es\/pricing\/\" \/>\n<meta property=\"og:locale\" content=\"es_ES\" \/>\n<meta property=\"og:type\" content=\"article\" \/>\n<meta property=\"og:title\" content=\"Pricing\" \/>\n<meta property=\"og:description\" content=\"Essential Hasta un 27% de descuento Plus Hasta un 27% de descuento Premium Hasta un 67% de descuento Essential \u2713 [&hellip;]\" \/>\n<meta property=\"og:url\" content=\"https:\/\/gapspike.com\/es\/pricing\/\" \/>\n<meta property=\"og:site_name\" content=\"GapSpike | Accede a lo mejor, paga menos\" \/>\n<meta property=\"article:modified_time\" content=\"2025-07-21T16:37:22+00:00\" \/>\n<meta name=\"twitter:card\" content=\"summary_large_image\" \/>\n<meta name=\"twitter:label1\" content=\"Tiempo de lectura\" \/>\n\t<meta name=\"twitter:data1\" content=\"3 minutos\" \/>\n<script type=\"application\/ld+json\" class=\"yoast-schema-graph\">{\"@context\":\"https:\/\/schema.org\",\"@graph\":[{\"@type\":\"WebPage\",\"@id\":\"https:\/\/gapspike.com\/es\/pricing\/\",\"url\":\"https:\/\/gapspike.com\/es\/pricing\/\",\"name\":\"Pricing - GapSpike | Accede a lo mejor, paga menos\",\"isPartOf\":{\"@id\":\"https:\/\/gapspike.com\/es\/#website\"},\"datePublished\":\"2025-01-28T13:38:04+00:00\",\"dateModified\":\"2025-07-21T16:37:22+00:00\",\"breadcrumb\":{\"@id\":\"https:\/\/gapspike.com\/es\/pricing\/#breadcrumb\"},\"inLanguage\":\"es\",\"potentialAction\":[{\"@type\":\"ReadAction\",\"target\":[\"https:\/\/gapspike.com\/es\/pricing\/\"]}]},{\"@type\":\"BreadcrumbList\",\"@id\":\"https:\/\/gapspike.com\/es\/pricing\/#breadcrumb\",\"itemListElement\":[{\"@type\":\"ListItem\",\"position\":1,\"name\":\"Home\",\"item\":\"https:\/\/gapspike.com\/es\/\"},{\"@type\":\"ListItem\",\"position\":2,\"name\":\"Pricing\"}]},{\"@type\":\"WebSite\",\"@id\":\"https:\/\/gapspike.com\/es\/#website\",\"url\":\"https:\/\/gapspike.com\/es\/\",\"name\":\"GapSpike | Accede a lo mejor, paga menos\",\"description\":\"\",\"publisher\":{\"@id\":\"https:\/\/gapspike.com\/es\/#organization\"},\"potentialAction\":[{\"@type\":\"SearchAction\",\"target\":{\"@type\":\"EntryPoint\",\"urlTemplate\":\"https:\/\/gapspike.com\/es\/?s={search_term_string}\"},\"query-input\":{\"@type\":\"PropertyValueSpecification\",\"valueRequired\":true,\"valueName\":\"search_term_string\"}}],\"inLanguage\":\"es\"},{\"@type\":\"Organization\",\"@id\":\"https:\/\/gapspike.com\/es\/#organization\",\"name\":\"GapSpike | Accede a lo mejor, paga menos\",\"url\":\"https:\/\/gapspike.com\/es\/\",\"logo\":{\"@type\":\"ImageObject\",\"inLanguage\":\"es\",\"@id\":\"https:\/\/gapspike.com\/es\/#\/schema\/logo\/image\/\",\"url\":\"https:\/\/gapspike.com\/es\/wp-content\/uploads\/sites\/6\/2025\/02\/cropped-new-logo-heder-2.jpg\",\"contentUrl\":\"https:\/\/gapspike.com\/es\/wp-content\/uploads\/sites\/6\/2025\/02\/cropped-new-logo-heder-2.jpg\",\"width\":500,\"height\":163,\"caption\":\"GapSpike | Accede a lo mejor, paga menos\"},\"image\":{\"@id\":\"https:\/\/gapspike.com\/es\/#\/schema\/logo\/image\/\"}}]}<\/script>\n<!-- \/ Yoast SEO Premium plugin. -->","yoast_head_json":{"title":"Pricing - GapSpike | Accede a lo mejor, paga menos","robots":{"index":"index","follow":"follow","max-snippet":"max-snippet:-1","max-image-preview":"max-image-preview:large","max-video-preview":"max-video-preview:-1"},"canonical":"https:\/\/gapspike.com\/es\/pricing\/","og_locale":"es_ES","og_type":"article","og_title":"Pricing","og_description":"Essential Hasta un 27% de descuento Plus Hasta un 27% de descuento Premium Hasta un 67% de descuento Essential \u2713 [&hellip;]","og_url":"https:\/\/gapspike.com\/es\/pricing\/","og_site_name":"GapSpike | Accede a lo mejor, paga menos","article_modified_time":"2025-07-21T16:37:22+00:00","twitter_card":"summary_large_image","twitter_misc":{"Tiempo de lectura":"3 minutos"},"schema":{"@context":"https:\/\/schema.org","@graph":[{"@type":"WebPage","@id":"https:\/\/gapspike.com\/es\/pricing\/","url":"https:\/\/gapspike.com\/es\/pricing\/","name":"Pricing - GapSpike | Accede a lo mejor, paga menos","isPartOf":{"@id":"https:\/\/gapspike.com\/es\/#website"},"datePublished":"2025-01-28T13:38:04+00:00","dateModified":"2025-07-21T16:37:22+00:00","breadcrumb":{"@id":"https:\/\/gapspike.com\/es\/pricing\/#breadcrumb"},"inLanguage":"es","potentialAction":[{"@type":"ReadAction","target":["https:\/\/gapspike.com\/es\/pricing\/"]}]},{"@type":"BreadcrumbList","@id":"https:\/\/gapspike.com\/es\/pricing\/#breadcrumb","itemListElement":[{"@type":"ListItem","position":1,"name":"Home","item":"https:\/\/gapspike.com\/es\/"},{"@type":"ListItem","position":2,"name":"Pricing"}]},{"@type":"WebSite","@id":"https:\/\/gapspike.com\/es\/#website","url":"https:\/\/gapspike.com\/es\/","name":"GapSpike | Accede a lo mejor, paga menos","description":"","publisher":{"@id":"https:\/\/gapspike.com\/es\/#organization"},"potentialAction":[{"@type":"SearchAction","target":{"@type":"EntryPoint","urlTemplate":"https:\/\/gapspike.com\/es\/?s={search_term_string}"},"query-input":{"@type":"PropertyValueSpecification","valueRequired":true,"valueName":"search_term_string"}}],"inLanguage":"es"},{"@type":"Organization","@id":"https:\/\/gapspike.com\/es\/#organization","name":"GapSpike | Accede a lo mejor, paga menos","url":"https:\/\/gapspike.com\/es\/","logo":{"@type":"ImageObject","inLanguage":"es","@id":"https:\/\/gapspike.com\/es\/#\/schema\/logo\/image\/","url":"https:\/\/gapspike.com\/es\/wp-content\/uploads\/sites\/6\/2025\/02\/cropped-new-logo-heder-2.jpg","contentUrl":"https:\/\/gapspike.com\/es\/wp-content\/uploads\/sites\/6\/2025\/02\/cropped-new-logo-heder-2.jpg","width":500,"height":163,"caption":"GapSpike | Accede a lo mejor, paga menos"},"image":{"@id":"https:\/\/gapspike.com\/es\/#\/schema\/logo\/image\/"}}]}},"jetpack_sharing_enabled":true,"_links":{"self":[{"href":"https:\/\/gapspike.com\/es\/wp-json\/wp\/v2\/pages\/370","targetHints":{"allow":["GET"]}}],"collection":[{"href":"https:\/\/gapspike.com\/es\/wp-json\/wp\/v2\/pages"}],"about":[{"href":"https:\/\/gapspike.com\/es\/wp-json\/wp\/v2\/types\/page"}],"author":[{"embeddable":true,"href":"https:\/\/gapspike.com\/es\/wp-json\/wp\/v2\/users\/1"}],"replies":[{"embeddable":true,"href":"https:\/\/gapspike.com\/es\/wp-json\/wp\/v2\/comments?post=370"}],"version-history":[{"count":3,"href":"https:\/\/gapspike.com\/es\/wp-json\/wp\/v2\/pages\/370\/revisions"}],"predecessor-version":[{"id":925,"href":"https:\/\/gapspike.com\/es\/wp-json\/wp\/v2\/pages\/370\/revisions\/925"}],"wp:attachment":[{"href":"https:\/\/gapspike.com\/es\/wp-json\/wp\/v2\/media?parent=370"}],"curies":[{"name":"wp","href":"https:\/\/api.w.org\/{rel}","templated":true}]}}