{"id":319,"date":"2025-03-21T16:16:25","date_gmt":"2025-03-21T12:46:25","guid":{"rendered":"http:\/\/gapspike.com\/?post_type=product&#038;p=319"},"modified":"2025-07-13T18:50:27","modified_gmt":"2025-07-13T15:20:27","slug":"tradingview-plus-subscription","status":"publish","type":"product","link":"https:\/\/gapspike.com\/es\/product\/tradingview-plus-subscription\/","title":{"rendered":"Suscripci\u00f3n TradingView Plus M\u00e1s Barata"},"content":{"rendered":"<p class=\"\" data-start=\"1966\" data-end=\"2170\">Al realizar un pedido de una suscripci\u00f3n a <a href=\"https:\/\/www.tradingview.com\/\">TradingView<\/a> Plus, se le proporcionar\u00e1 una nueva cuenta, lo que nos permite ofrecer la suscripci\u00f3n a un precio m\u00e1s bajo que el sitio web oficial.<\/p>\n<p class=\"\" data-start=\"2172\" data-end=\"2183\"><strong data-start=\"2172\" data-end=\"2181\">Nota:<\/strong><\/p>\n<ul data-start=\"2184\" data-end=\"2528\">\n<li class=\"\" data-start=\"2184\" data-end=\"2277\">\n<p class=\"\" data-start=\"2186\" data-end=\"2277\">Las cuentas con una duraci\u00f3n de 3 meses o m\u00e1s pueden transferirse a un nuevo propietario.<\/p>\n<\/li>\n<li class=\"\" data-start=\"2278\" data-end=\"2429\">\n<p class=\"\" data-start=\"2280\" data-end=\"2429\">Las cuentas de 1 mes y 2 meses no son transferibles. Una vez que expiren, el acceso se desactivar\u00e1 y la cuenta estar\u00e1 disponible para otro usuario.<\/p>\n<\/li>\n<li class=\"\" data-start=\"2430\" data-end=\"2528\">\n<p class=\"\" data-start=\"2432\" data-end=\"2528\">Todas las cuentas se asignan exclusivamente a una persona y se pueden cambiar las contrase\u00f1as.<\/p>\n<\/li>\n<\/ul>\n<hr \/>\n<h3>Descripci\u00f3n corta del producto (para la secci\u00f3n de resumen):<\/h3>\n<p>\u00abAccede a un conjunto completo de herramientas de TradingView Plus con esta suscripci\u00f3n. Con gr\u00e1ficos avanzados, se\u00f1ales de mercado y herramientas de an\u00e1lisis personalizables, la cuenta TradingView Plus es ideal tanto para principiantes como para traders intermedios.\u00bb<\/p>\n<hr \/>\n<h3>Descripci\u00f3n completa del producto (para la secci\u00f3n detallada):<\/h3>\n<p>La cuenta TradingView Plus ofrece una variedad de herramientas profesionales dise\u00f1adas para traders que buscan mayor eficiencia y comprensi\u00f3n en su an\u00e1lisis de mercado. Perfecto para principiantes y traders intermedios, TradingView Plus proporciona todo lo necesario para mejorar tu experiencia en an\u00e1lisis t\u00e9cnico.<\/p>\n<p class=\"\" data-start=\"2144\" data-end=\"2202\"><strong data-start=\"2144\" data-end=\"2200\">Caracter\u00edsticas clave de la cuenta TradingView Plus:<\/strong><\/p>\n<p class=\"\" data-start=\"2204\" data-end=\"2458\"><strong data-start=\"2204\" data-end=\"2243\">Herramientas avanzadas de gr\u00e1ficos:<\/strong><br data-start=\"2243\" data-end=\"2246\" \/>Accede a gr\u00e1ficos interactivos totalmente personalizables con configuraciones avanzadas, indicadores y herramientas de dibujo. Perfecto para seguir los mercados financieros como acciones, forex y criptomonedas.<\/p>\n<p class=\"\" data-start=\"2460\" data-end=\"2765\"><strong data-start=\"2460\" data-end=\"2508\">Se\u00f1ales y alertas de mercado en tiempo real:<\/strong><br data-start=\"2508\" data-end=\"2511\" \/>Mantente al tanto de los movimientos del mercado con alertas automatizadas en tiempo real. Personaliza las notificaciones para niveles de precios espec\u00edficos, patrones de gr\u00e1ficos o condiciones t\u00e9cnicas para no perderte ning\u00fan evento clave del mercado.<\/p>\n<p class=\"\" data-start=\"2767\" data-end=\"2949\"><strong data-start=\"2767\" data-end=\"2801\">Dise\u00f1os de gr\u00e1ficos m\u00faltiples:<\/strong><br data-start=\"2801\" data-end=\"2804\" \/>Visualiza hasta 4 gr\u00e1ficos en una sola pantalla, lo que te permite comparar diferentes activos, marcos de tiempo y estrategias al mismo tiempo.<\/p>\n<p class=\"\" data-start=\"2951\" data-end=\"3143\"><strong data-start=\"2951\" data-end=\"2988\">Indicadores y an\u00e1lisis avanzados:<\/strong><br data-start=\"2988\" data-end=\"2991\" \/>Desbloquea una variedad de indicadores profesionales, como el Perfil de Volumen, RSI y otras herramientas para realizar un an\u00e1lisis t\u00e9cnico detallado.<\/p>\n<p class=\"\" data-start=\"3145\" data-end=\"3348\"><strong data-start=\"3145\" data-end=\"3188\">An\u00e1lisis en m\u00faltiples marcos de tiempo:<\/strong><br data-start=\"3188\" data-end=\"3191\" \/>Consulta gr\u00e1ficos en varios marcos de tiempo simult\u00e1neamente para obtener una comprensi\u00f3n m\u00e1s profunda de las tendencias del mercado a corto y largo plazo.<\/p>\n<p class=\"\" data-start=\"3350\" data-end=\"3595\"><strong data-start=\"3350\" data-end=\"3395\">Alertas y notificaciones personalizables:<\/strong><br data-start=\"3395\" data-end=\"3398\" \/>Configura alertas personalizadas seg\u00fan tus condiciones preferidas, como movimientos de precios o indicadores t\u00e9cnicos, y recibe notificaciones a trav\u00e9s de la plataforma, correo electr\u00f3nico o SMS.<\/p>\n<p class=\"\" data-start=\"3597\" data-end=\"3767\"><strong data-start=\"3597\" data-end=\"3626\">Experiencia sin anuncios:<\/strong><br data-start=\"3626\" data-end=\"3629\" \/>Los usuarios de TradingView Plus disfrutan de una experiencia de trading sin interrupciones ni anuncios, lo que mejora la productividad.<\/p>\n<p class=\"\" data-start=\"3769\" data-end=\"3930\"><strong data-start=\"3769\" data-end=\"3800\">Datos hist\u00f3ricos ampliados:<\/strong><br data-start=\"3800\" data-end=\"3803\" \/>Accede a datos hist\u00f3ricos que se remontan m\u00e1s atr\u00e1s en el tiempo para realizar pruebas exhaustivas de estrategias de trading.<\/p>\n<p class=\"\" data-start=\"3932\" data-end=\"4107\"><strong data-start=\"3932\" data-end=\"3981\">Colaboraci\u00f3n en equipo y an\u00e1lisis compartido:<\/strong><br data-start=\"3981\" data-end=\"3984\" \/>Comparte gr\u00e1ficos, configuraciones y an\u00e1lisis con otros traders para colaborar en decisiones de inversi\u00f3n en tiempo real.<\/p>\n<hr \/>\n<p><strong>\u00bfPor qu\u00e9 elegir TradingView Plus?<\/strong><br data-start=\"1279\" data-end=\"1282\" \/>La cuenta TradingView Plus est\u00e1 dise\u00f1ada para traders que buscan una plataforma accesible pero con muchas funciones. Ya seas un principiante o un trader intermedio, esta cuenta te proporciona herramientas poderosas que te permiten tomar decisiones informadas basadas en datos con confianza.<\/p>\n<hr \/>\n<h3 data-start=\"196\" data-end=\"218\">Suscripci\u00f3n TradingView Plus M\u00e1s Barata:<\/h3>\n<p>TradingView Plus ofrece opciones de suscripci\u00f3n flexibles, incluyendo planes de 1 mes, 2 meses, 6 meses, 12 meses y 13 meses. Elige el plan que mejor se adapte a tus necesidades comerciales y comienza a beneficiarte de las herramientas de TradingView hoy mismo.<\/p>\n<hr \/>\n<h3>Informaci\u00f3n importante sobre la duraci\u00f3n y transferibilidad de la cuenta:<\/h3>\n<p class=\"\" data-start=\"2165\" data-end=\"2344\"><strong data-start=\"2165\" data-end=\"2191\">Planes de 1 y 2 meses:<\/strong><br data-start=\"2191\" data-end=\"2194\" \/>Despu\u00e9s del per\u00edodo de validez de los planes de 1 y 2 meses, el acceso a la cuenta ser\u00e1 desactivado y la cuenta estar\u00e1 disponible para otro cliente.<\/p>\n<p class=\"\" data-start=\"2346\" data-end=\"2655\"><strong data-start=\"2346\" data-end=\"2374\">Planes de 3 meses y m\u00e1s:<\/strong><br data-start=\"2374\" data-end=\"2377\" \/>Para los planes de 3 meses o m\u00e1s, tienes la opci\u00f3n de transferir la cuenta a una nueva direcci\u00f3n de correo electr\u00f3nico. Esto garantiza el acceso continuo a la cuenta despu\u00e9s del per\u00edodo inicial, simplemente proporcionando un correo electr\u00f3nico diferente para la transferencia.<\/p>\n<hr \/>\n<p class=\"\" data-start=\"819\" data-end=\"848\"><strong data-start=\"834\" data-end=\"846\">Enlaces:<\/strong><\/p>\n<ul data-start=\"849\" data-end=\"1012\">\n<li class=\"\" data-start=\"849\" data-end=\"887\">\n<p class=\"\" data-start=\"851\" data-end=\"887\"><a href=\"https:\/\/gapspike.com\/es\">Comprar cuenta de TradingView Plus<\/a><\/p>\n<\/li>\n<li class=\"\" data-start=\"888\" data-end=\"924\">\n<p class=\"\" data-start=\"890\" data-end=\"924\"><a href=\"https:\/\/www.tradingview.com\/pricing\/#comparison\">Ver m\u00e1s funciones de TradingView<\/a><\/p>\n<\/li>\n<li class=\"\" data-start=\"925\" data-end=\"973\">\n<p class=\"\" data-start=\"927\" data-end=\"973\"><a href=\"https:\/\/gapspike.com\/es\/hc\/\">Soporte y preguntas frecuentes &#8211; TradingView<\/a><\/p>\n<\/li>\n<li class=\"\" data-start=\"974\" data-end=\"1012\">\n<p class=\"\" data-start=\"976\" data-end=\"1012\"><a href=\"https:\/\/gapspike.com\/es\/education\/\">Gu\u00eda para comenzar con TradingView<\/a><\/p>\n<\/li>\n<\/ul>\n<figure id=\"attachment_341\" aria-describedby=\"caption-attachment-341\" style=\"width: 300px\" class=\"wp-caption aligncenter\"><img decoding=\"async\" class=\"wp-image-341 size-medium\" src=\"https:\/\/gapspike.com\/es\/wp-content\/uploads\/sites\/6\/2025\/01\/plus-300x300.jpg\" alt=\"Suscripci\u00f3n TradingView Plus M\u00e1s Barata\" width=\"300\" height=\"300\" srcset=\"https:\/\/gapspike.com\/es\/wp-content\/uploads\/sites\/6\/2025\/01\/plus-300x300.jpg 300w, https:\/\/gapspike.com\/es\/wp-content\/uploads\/sites\/6\/2025\/01\/plus-150x150.jpg 150w, https:\/\/gapspike.com\/es\/wp-content\/uploads\/sites\/6\/2025\/01\/plus-400x400.jpg 400w, https:\/\/gapspike.com\/es\/wp-content\/uploads\/sites\/6\/2025\/01\/plus-100x100.jpg 100w, https:\/\/gapspike.com\/es\/wp-content\/uploads\/sites\/6\/2025\/01\/plus.jpg 600w\" sizes=\"(max-width: 300px) 100vw, 300px\" \/><figcaption id=\"caption-attachment-341\" class=\"wp-caption-text\">Al realizar un pedido de una suscripci\u00f3n a TradingView Plus, se le proporcionar\u00e1 una nueva cuenta, lo que nos permite ofrecer la suscripci\u00f3n a un precio m\u00e1s bajo que el sitio web oficial.<\/figcaption><\/figure>\n","protected":false},"excerpt":{"rendered":"<p class=\"\" data-start=\"1156\" data-end=\"1426\">Elige la cuenta de TradingView Plus que mejor se adapte a tus necesidades con opciones de suscripci\u00f3n flexibles. Accede a herramientas avanzadas de an\u00e1lisis de mercado, gr\u00e1ficos profesionales y se\u00f1ales en tiempo real para decisiones de trading precisas.<\/p>\n<p class=\"\" data-start=\"1428\" data-end=\"1470\"><span style=\"color: #ff0000;\"><strong data-start=\"1428\" data-end=\"1437\">Nota:<\/strong><\/span> Por favor, lee la descripci\u00f3n.<\/p>\n","protected":false},"featured_media":341,"comment_status":"open","ping_status":"closed","template":"","meta":{"site-sidebar-layout":"default","site-content-layout":"","ast-site-content-layout":"default","site-content-style":"default","site-sidebar-style":"default","ast-global-header-display":"","ast-banner-title-visibility":"","ast-main-header-display":"","ast-hfb-above-header-display":"","ast-hfb-below-header-display":"","ast-hfb-mobile-header-display":"","site-post-title":"","ast-breadcrumbs-content":"","ast-featured-img":"","footer-sml-layout":"","theme-transparent-header-meta":"default","adv-header-id-meta":"","stick-header-meta":"","header-above-stick-meta":"","header-main-stick-meta":"","header-below-stick-meta":"","astra-migrate-meta-layouts":"set","ast-page-background-enabled":"default","ast-page-background-meta":{"desktop":{"background-color":"var(--ast-global-color-5)","background-image":"","background-repeat":"repeat","background-position":"center center","background-size":"auto","background-attachment":"scroll","background-type":"","background-media":"","overlay-type":"","overlay-color":"","overlay-opacity":"","overlay-gradient":""},"tablet":{"background-color":"","background-image":"","background-repeat":"repeat","background-position":"center center","background-size":"auto","background-attachment":"scroll","background-type":"","background-media":"","overlay-type":"","overlay-color":"","overlay-opacity":"","overlay-gradient":""},"mobile":{"background-color":"","background-image":"","background-repeat":"repeat","background-position":"center center","background-size":"auto","background-attachment":"scroll","background-type":"","background-media":"","overlay-type":"","overlay-color":"","overlay-opacity":"","overlay-gradient":""}},"ast-content-background-meta":{"desktop":{"background-color":"var(--ast-global-color-4)","background-image":"","background-repeat":"repeat","background-position":"center center","background-size":"auto","background-attachment":"scroll","background-type":"","background-media":"","overlay-type":"","overlay-color":"","overlay-opacity":"","overlay-gradient":""},"tablet":{"background-color":"var(--ast-global-color-4)","background-image":"","background-repeat":"repeat","background-position":"center center","background-size":"auto","background-attachment":"scroll","background-type":"","background-media":"","overlay-type":"","overlay-color":"","overlay-opacity":"","overlay-gradient":""},"mobile":{"background-color":"var(--ast-global-color-4)","background-image":"","background-repeat":"repeat","background-position":"center center","background-size":"auto","background-attachment":"scroll","background-type":"","background-media":"","overlay-type":"","overlay-color":"","overlay-opacity":"","overlay-gradient":""}}},"product_brand":[],"product_cat":[25],"product_tag":[41,46,50,95,54,56,61,64,67,94],"class_list":{"0":"post-319","1":"product","2":"type-product","3":"status-publish","4":"has-post-thumbnail","6":"product_cat-acc","7":"product_tag-market-analysis","8":"product_tag-professional-charts","9":"product_tag-real-time-signals","10":"product_tag-suscripcion-tradingview-plus-mas-barata","11":"product_tag-technical-analysis","12":"product_tag-trading-account","13":"product_tag-tradingview","14":"product_tag-tradingview-plus","15":"product_tag-tradingview-subscription","16":"product_tag-un-pedido-de-una-suscripcion-a-tradingview-plus","17":"desktop-align-left","18":"tablet-align-left","19":"mobile-align-left","21":"first","22":"instock","23":"shipping-taxable","24":"purchasable","25":"product-type-variable"},"yoast_head":"<!-- This site is optimized with the Yoast SEO Premium plugin v26.0 (Yoast SEO v26.1) - https:\/\/yoast.com\/wordpress\/plugins\/seo\/ -->\n<title>Suscripci\u00f3n TradingView Plus M\u00e1s Barata - GapSpike | Accede a lo mejor, paga menos<\/title>\n<meta name=\"description\" content=\"Al realizar un pedido de una suscripci\u00f3n a TradingView Plus, se le proporcionar\u00e1 una nueva cuenta, lo que nos permite ofrecer la suscripci\u00f3n a ...\" \/>\n<meta name=\"robots\" content=\"index, follow, max-snippet:-1, max-image-preview:large, max-video-preview:-1\" \/>\n<link rel=\"canonical\" href=\"https:\/\/gapspike.com\/es\/product\/tradingview-plus-subscription\/\" \/>\n<meta property=\"og:locale\" content=\"es_ES\" \/>\n<meta property=\"og:type\" content=\"article\" \/>\n<meta property=\"og:title\" content=\"Suscripci\u00f3n TradingView Plus M\u00e1s Barata\" \/>\n<meta property=\"og:description\" content=\"Al realizar un pedido de una suscripci\u00f3n a TradingView Plus, se le proporcionar\u00e1 una nueva cuenta, lo que nos permite ofrecer la suscripci\u00f3n a ...\" \/>\n<meta property=\"og:url\" content=\"https:\/\/gapspike.com\/es\/product\/tradingview-plus-subscription\/\" \/>\n<meta property=\"og:site_name\" content=\"GapSpike | Accede a lo mejor, paga menos\" \/>\n<meta property=\"article:modified_time\" content=\"2025-07-13T15:20:27+00:00\" \/>\n<meta property=\"og:image\" content=\"https:\/\/gapspike.com\/es\/wp-content\/uploads\/sites\/6\/2025\/01\/plus.jpg\" \/>\n\t<meta property=\"og:image:width\" content=\"600\" \/>\n\t<meta property=\"og:image:height\" content=\"600\" \/>\n\t<meta property=\"og:image:type\" content=\"image\/jpeg\" \/>\n<meta name=\"twitter:card\" content=\"summary_large_image\" \/>\n<meta name=\"twitter:label1\" content=\"Disponibilidad\" \/>\n\t<meta name=\"twitter:data1\" content=\"Disponible\" \/>\n<script type=\"application\/ld+json\" class=\"yoast-schema-graph\">{\"@context\":\"https:\/\/schema.org\",\"@graph\":[{\"@type\":\"WebPage\",\"@id\":\"https:\/\/gapspike.com\/es\/product\/tradingview-plus-subscription\/\",\"url\":\"https:\/\/gapspike.com\/es\/product\/tradingview-plus-subscription\/\",\"name\":\"Suscripci\u00f3n TradingView Plus M\u00e1s Barata - GapSpike | Accede a lo mejor, paga menos\",\"isPartOf\":{\"@id\":\"https:\/\/gapspike.com\/es\/#website\"},\"primaryImageOfPage\":{\"@id\":\"https:\/\/gapspike.com\/es\/product\/tradingview-plus-subscription\/#primaryimage\"},\"image\":{\"@id\":\"https:\/\/gapspike.com\/es\/product\/tradingview-plus-subscription\/#primaryimage\"},\"thumbnailUrl\":\"https:\/\/gapspike.com\/es\/wp-content\/uploads\/sites\/6\/2025\/01\/plus.jpg\",\"datePublished\":\"2025-03-21T12:46:25+00:00\",\"dateModified\":\"2025-07-13T15:20:27+00:00\",\"description\":\"Al realizar un pedido de una suscripci\u00f3n a TradingView Plus, se le proporcionar\u00e1 una nueva cuenta, lo que nos permite ofrecer la suscripci\u00f3n a ...\",\"breadcrumb\":{\"@id\":\"https:\/\/gapspike.com\/es\/product\/tradingview-plus-subscription\/#breadcrumb\"},\"inLanguage\":\"es\",\"potentialAction\":[{\"@type\":\"ReadAction\",\"target\":[\"https:\/\/gapspike.com\/es\/product\/tradingview-plus-subscription\/\"]}]},{\"@type\":\"ImageObject\",\"inLanguage\":\"es\",\"@id\":\"https:\/\/gapspike.com\/es\/product\/tradingview-plus-subscription\/#primaryimage\",\"url\":\"https:\/\/gapspike.com\/es\/wp-content\/uploads\/sites\/6\/2025\/01\/plus.jpg\",\"contentUrl\":\"https:\/\/gapspike.com\/es\/wp-content\/uploads\/sites\/6\/2025\/01\/plus.jpg\",\"width\":600,\"height\":600},{\"@type\":\"BreadcrumbList\",\"@id\":\"https:\/\/gapspike.com\/es\/product\/tradingview-plus-subscription\/#breadcrumb\",\"itemListElement\":[{\"@type\":\"ListItem\",\"position\":1,\"name\":\"Home\",\"item\":\"https:\/\/gapspike.com\/es\/\"},{\"@type\":\"ListItem\",\"position\":2,\"name\":\"Shop\",\"item\":\"https:\/\/gapspike.com\/es\/shop\/\"},{\"@type\":\"ListItem\",\"position\":3,\"name\":\"Suscripci\u00f3n TradingView Plus M\u00e1s Barata\"}]},{\"@type\":\"WebSite\",\"@id\":\"https:\/\/gapspike.com\/es\/#website\",\"url\":\"https:\/\/gapspike.com\/es\/\",\"name\":\"GapSpike | Accede a lo mejor, paga menos\",\"description\":\"\",\"publisher\":{\"@id\":\"https:\/\/gapspike.com\/es\/#organization\"},\"potentialAction\":[{\"@type\":\"SearchAction\",\"target\":{\"@type\":\"EntryPoint\",\"urlTemplate\":\"https:\/\/gapspike.com\/es\/?s={search_term_string}\"},\"query-input\":{\"@type\":\"PropertyValueSpecification\",\"valueRequired\":true,\"valueName\":\"search_term_string\"}}],\"inLanguage\":\"es\"},{\"@type\":\"Organization\",\"@id\":\"https:\/\/gapspike.com\/es\/#organization\",\"name\":\"GapSpike | Accede a lo mejor, paga menos\",\"url\":\"https:\/\/gapspike.com\/es\/\",\"logo\":{\"@type\":\"ImageObject\",\"inLanguage\":\"es\",\"@id\":\"https:\/\/gapspike.com\/es\/#\/schema\/logo\/image\/\",\"url\":\"https:\/\/gapspike.com\/es\/wp-content\/uploads\/sites\/6\/2025\/02\/cropped-new-logo-heder-2.jpg\",\"contentUrl\":\"https:\/\/gapspike.com\/es\/wp-content\/uploads\/sites\/6\/2025\/02\/cropped-new-logo-heder-2.jpg\",\"width\":500,\"height\":163,\"caption\":\"GapSpike | Accede a lo mejor, paga menos\"},\"image\":{\"@id\":\"https:\/\/gapspike.com\/es\/#\/schema\/logo\/image\/\"}}]}<\/script>\n<meta property=\"og:availability\" content=\"instock\" \/>\n<meta property=\"product:availability\" content=\"instock\" \/>\n<meta property=\"product:condition\" content=\"new\" \/>\n<!-- \/ Yoast SEO Premium plugin. -->","yoast_head_json":{"title":"Suscripci\u00f3n TradingView Plus M\u00e1s Barata - GapSpike | Accede a lo mejor, paga menos","description":"Al realizar un pedido de una suscripci\u00f3n a TradingView Plus, se le proporcionar\u00e1 una nueva cuenta, lo que nos permite ofrecer la suscripci\u00f3n a ...","robots":{"index":"index","follow":"follow","max-snippet":"max-snippet:-1","max-image-preview":"max-image-preview:large","max-video-preview":"max-video-preview:-1"},"canonical":"https:\/\/gapspike.com\/es\/product\/tradingview-plus-subscription\/","og_locale":"es_ES","og_type":"article","og_title":"Suscripci\u00f3n TradingView Plus M\u00e1s Barata","og_description":"Al realizar un pedido de una suscripci\u00f3n a TradingView Plus, se le proporcionar\u00e1 una nueva cuenta, lo que nos permite ofrecer la suscripci\u00f3n a ...","og_url":"https:\/\/gapspike.com\/es\/product\/tradingview-plus-subscription\/","og_site_name":"GapSpike | Accede a lo mejor, paga menos","article_modified_time":"2025-07-13T15:20:27+00:00","og_image":[{"width":600,"height":600,"url":"https:\/\/gapspike.com\/es\/wp-content\/uploads\/sites\/6\/2025\/01\/plus.jpg","type":"image\/jpeg"}],"twitter_card":"summary_large_image","twitter_misc":{"Disponibilidad":"Disponible"},"schema":{"@context":"https:\/\/schema.org","@graph":[{"@type":"WebPage","@id":"https:\/\/gapspike.com\/es\/product\/tradingview-plus-subscription\/","url":"https:\/\/gapspike.com\/es\/product\/tradingview-plus-subscription\/","name":"Suscripci\u00f3n TradingView Plus M\u00e1s Barata - GapSpike | Accede a lo mejor, paga menos","isPartOf":{"@id":"https:\/\/gapspike.com\/es\/#website"},"primaryImageOfPage":{"@id":"https:\/\/gapspike.com\/es\/product\/tradingview-plus-subscription\/#primaryimage"},"image":{"@id":"https:\/\/gapspike.com\/es\/product\/tradingview-plus-subscription\/#primaryimage"},"thumbnailUrl":"https:\/\/gapspike.com\/es\/wp-content\/uploads\/sites\/6\/2025\/01\/plus.jpg","datePublished":"2025-03-21T12:46:25+00:00","dateModified":"2025-07-13T15:20:27+00:00","description":"Al realizar un pedido de una suscripci\u00f3n a TradingView Plus, se le proporcionar\u00e1 una nueva cuenta, lo que nos permite ofrecer la suscripci\u00f3n a ...","breadcrumb":{"@id":"https:\/\/gapspike.com\/es\/product\/tradingview-plus-subscription\/#breadcrumb"},"inLanguage":"es","potentialAction":[{"@type":"ReadAction","target":["https:\/\/gapspike.com\/es\/product\/tradingview-plus-subscription\/"]}]},{"@type":"ImageObject","inLanguage":"es","@id":"https:\/\/gapspike.com\/es\/product\/tradingview-plus-subscription\/#primaryimage","url":"https:\/\/gapspike.com\/es\/wp-content\/uploads\/sites\/6\/2025\/01\/plus.jpg","contentUrl":"https:\/\/gapspike.com\/es\/wp-content\/uploads\/sites\/6\/2025\/01\/plus.jpg","width":600,"height":600},{"@type":"BreadcrumbList","@id":"https:\/\/gapspike.com\/es\/product\/tradingview-plus-subscription\/#breadcrumb","itemListElement":[{"@type":"ListItem","position":1,"name":"Home","item":"https:\/\/gapspike.com\/es\/"},{"@type":"ListItem","position":2,"name":"Shop","item":"https:\/\/gapspike.com\/es\/shop\/"},{"@type":"ListItem","position":3,"name":"Suscripci\u00f3n TradingView Plus M\u00e1s Barata"}]},{"@type":"WebSite","@id":"https:\/\/gapspike.com\/es\/#website","url":"https:\/\/gapspike.com\/es\/","name":"GapSpike | Accede a lo mejor, paga menos","description":"","publisher":{"@id":"https:\/\/gapspike.com\/es\/#organization"},"potentialAction":[{"@type":"SearchAction","target":{"@type":"EntryPoint","urlTemplate":"https:\/\/gapspike.com\/es\/?s={search_term_string}"},"query-input":{"@type":"PropertyValueSpecification","valueRequired":true,"valueName":"search_term_string"}}],"inLanguage":"es"},{"@type":"Organization","@id":"https:\/\/gapspike.com\/es\/#organization","name":"GapSpike | Accede a lo mejor, paga menos","url":"https:\/\/gapspike.com\/es\/","logo":{"@type":"ImageObject","inLanguage":"es","@id":"https:\/\/gapspike.com\/es\/#\/schema\/logo\/image\/","url":"https:\/\/gapspike.com\/es\/wp-content\/uploads\/sites\/6\/2025\/02\/cropped-new-logo-heder-2.jpg","contentUrl":"https:\/\/gapspike.com\/es\/wp-content\/uploads\/sites\/6\/2025\/02\/cropped-new-logo-heder-2.jpg","width":500,"height":163,"caption":"GapSpike | Accede a lo mejor, paga menos"},"image":{"@id":"https:\/\/gapspike.com\/es\/#\/schema\/logo\/image\/"}}]},"og_availability":"instock","product_availability":"instock","product_condition":"new"},"jetpack_sharing_enabled":true,"_links":{"self":[{"href":"https:\/\/gapspike.com\/es\/wp-json\/wp\/v2\/product\/319","targetHints":{"allow":["GET"]}}],"collection":[{"href":"https:\/\/gapspike.com\/es\/wp-json\/wp\/v2\/product"}],"about":[{"href":"https:\/\/gapspike.com\/es\/wp-json\/wp\/v2\/types\/product"}],"replies":[{"embeddable":true,"href":"https:\/\/gapspike.com\/es\/wp-json\/wp\/v2\/comments?post=319"}],"wp:featuredmedia":[{"embeddable":true,"href":"https:\/\/gapspike.com\/es\/wp-json\/wp\/v2\/media\/341"}],"wp:attachment":[{"href":"https:\/\/gapspike.com\/es\/wp-json\/wp\/v2\/media?parent=319"}],"wp:term":[{"taxonomy":"product_brand","embeddable":true,"href":"https:\/\/gapspike.com\/es\/wp-json\/wp\/v2\/product_brand?post=319"},{"taxonomy":"product_cat","embeddable":true,"href":"https:\/\/gapspike.com\/es\/wp-json\/wp\/v2\/product_cat?post=319"},{"taxonomy":"product_tag","embeddable":true,"href":"https:\/\/gapspike.com\/es\/wp-json\/wp\/v2\/product_tag?post=319"}],"curies":[{"name":"wp","href":"https:\/\/api.w.org\/{rel}","templated":true}]}}